{"id":7,"date":"2021-09-25T18:14:11","date_gmt":"2021-09-25T16:14:11","guid":{"rendered":"https:\/\/wwwtest.fonteintjies.co.za\/?page_id=7"},"modified":"2023-10-22T19:11:24","modified_gmt":"2023-10-22T17:11:24","slug":"contact","status":"publish","type":"page","link":"https:\/\/www.fonteintjies.co.za\/fr\/contact\/","title":{"rendered":"Nous contacter"},"content":{"rendered":"\n<div class=\"wp-block-group is-style-twentytwentyone-border\"><div class=\"wp-block-group__inner-container is-layout-flow wp-block-group-is-layout-flow\">\n<p class=\"has-text-align-center\">Fonteintjies is private property. We do not allow access to the public. We do not offer rentals.<\/p>\n<\/div><\/div>\n\n\n\n<p class=\"has-text-align-right\" id=\"more-about-us\"><em><a href=\"https:\/\/www.fonteintjies.co.za\/about\/\" data-type=\"page\" data-id=\"6\">More about us&#8230;<\/a><\/em><\/p>\n\n\n\n<div class=\"wp-block-group\"><div class=\"wp-block-group__inner-container is-layout-flow wp-block-group-is-layout-flow\">\n<h2 class=\"wp-block-heading\" id=\"social-media\">Social Media<\/h2>\n\n\n\n<p><strong>Facebook:<\/strong> <a href=\"https:\/\/facebook.com\/fonteintjies\" target=\"_blank\" rel=\"noreferrer noopener\">fonteintjies<\/a><br><strong>Instagram:<\/strong> <a href=\"https:\/\/www.instagram.com\/fonteintjies\" target=\"_blank\" rel=\"noreferrer noopener\">fonteintjies<\/a><\/p>\n<\/div><\/div>\n\n\n\n<div class=\"wp-block-group\"><div class=\"wp-block-group__inner-container is-layout-flow wp-block-group-is-layout-flow\">\n<h2 class=\"wp-block-heading\" id=\"map-and-coordinates\">Map and Coordinates<\/h2>\n\n\n\n<ul class=\"wp-block-list\">\n<li>Latitude\/Longitude <a href=\"geo:-34.3028,21.9323\">-34.3028,21.9323<\/a> (click to open a navigation app on your phone)<\/li>\n\n\n\n<li>Find us on <a href=\"https:\/\/maps.app.goo.gl\/YcRmU8ji7NcJB73w7\" target=\"_blank\" rel=\"noreferrer noopener\">Google maps<\/a><\/li>\n\n\n\n<li>Find us on <a href=\"https:\/\/www.openstreetmap.org\/?mlat=-34.3028&amp;mlon=21.9323#map=12\/-34.3028\/21.9323\" target=\"_blank\" rel=\"noreferrer noopener\">OpenStreetmap<\/a><\/li>\n<\/ul>\n\n\n<p><div class=\"leaflet-map WPLeafletMap\" style=\"height:300px; width:100%;\"><\/div><script>\nwindow.WPLeafletMapPlugin = window.WPLeafletMapPlugin || [];\nwindow.WPLeafletMapPlugin.push(function WPLeafletMapShortcode() {\/*<script>*\/\nvar baseUrl = atob('aHR0cHM6Ly97c30udGlsZS5vcGVudG9wb21hcC5vcmcve3p9L3t4fS97eX0ucG5n');\nvar base = (!baseUrl && window.MQ) ?\n    window.MQ.mapLayer() : L.tileLayer(baseUrl,\n        L.Util.extend({}, {\n            detectRetina: 1,\n        },\n        {\"subdomains\":\"abc\",\"zoomOffset\":0,\"noWrap\":false,\"maxZoom\":16}        )\n    );\n    var options = L.Util.extend({}, {\n        layers: [base],\n        attributionControl: false\n    },\n    {\"zoomControl\":true,\"scrollWheelZoom\":false,\"doubleClickZoom\":false,\"fitBounds\":false,\"minZoom\":5,\"maxZoom\":16,\"maxBounds\":null,\"attribution\":\"<a href=\\\"http:\\\/\\\/leafletjs.com\\\" title=\\\"A JS library for interactive maps\\\">Leaflet<\\\/a>; \\u00a9 <a href=\\\"http:\\\/\\\/www.openstreetmap.org\\\/copyright\\\">OpenStreetMap<\\\/a> contributors, <a href=\\\"https:\\\/\\\/www2.jpl.nasa.gov\\\/srtm\\\/\\\">SRTM<\\\/a>, <a href=\\\"http:\\\/\\\/opentopomap.org\\\/\\\">OpenTopoMap<\\\/a>\"},\n    {});\nwindow.WPLeafletMapPlugin.createMap(options).setView([-34.3028,21.9323],12);window.WPLeafletMapPlugin.createScale({});});<\/script><br \/>\n<script>\nwindow.WPLeafletMapPlugin = window.WPLeafletMapPlugin || [];\nwindow.WPLeafletMapPlugin.push(function WPLeafletMarkerShortcode() {\/*<script>*\/\nvar map = window.WPLeafletMapPlugin.getCurrentMap();\nvar group = window.WPLeafletMapPlugin.getCurrentGroup();\nvar marker_options = window.WPLeafletMapPlugin.getIconOptions({});\nvar marker = L.marker(\n    [-34.3028,21.9323],\n    marker_options\n);\nvar is_image = map.is_image_map;\nif (marker_options.draggable) {\n    marker.on('dragend', function () {\n        var latlng = this.getLatLng();\n        var lat = latlng.lat;\n        var lng = latlng.lng;\n        if (is_image) {\n            console.log('leaflet-marker y=' + lat + ' x=' + lng);\n        } else {\n            console.log('leaflet-marker lat=' + lat + ' lng=' + lng);\n        }\n    });\n}\nmarker.addTo( group );\nmarker.bindPopup(window.WPLeafletMapPlugin.unescape('Fonteintjies'));window.WPLeafletMapPlugin.markers.push( marker );\n        });<\/script><\/p>\n<\/div><\/div>\n","protected":false},"excerpt":{"rendered":"<p>M\u00e9dias sociaux Facebook : fonteintjiesInstagram : fonteintjies Carte et coordonn\u00e9es<\/p>","protected":false},"author":4,"featured_media":324,"parent":0,"menu_order":0,"comment_status":"closed","ping_status":"closed","template":"","meta":{"footnotes":""},"class_list":["post-7","page","type-page","status-publish","has-post-thumbnail","hentry","entry"],"yoast_head":"<!-- This site is optimized with the Yoast SEO plugin v27.4 - https:\/\/yoast.com\/product\/yoast-seo-wordpress\/ -->\n<title>Contact Us - Fonteintjies<\/title>\n<meta name=\"description\" content=\"Contact Fonteintjies or make a reservation. Self-catering accommodation with fabulous sea views in the Fransmanshoek Conservancy near Vleesbaai.\" \/>\n<meta name=\"robots\" content=\"index, follow, max-snippet:-1, max-image-preview:large, max-video-preview:-1\" \/>\n<link rel=\"canonical\" href=\"https:\/\/www.fonteintjies.co.za\/fr\/contact\/\" \/>\n<meta property=\"og:locale\" content=\"fr_FR\" \/>\n<meta property=\"og:type\" content=\"article\" \/>\n<meta property=\"og:title\" content=\"Contact Us - Fonteintjies\" \/>\n<meta property=\"og:description\" content=\"Contact Fonteintjies or make a reservation. Self-catering accommodation with fabulous sea views in the Fransmanshoek Conservancy near Vleesbaai.\" \/>\n<meta property=\"og:url\" content=\"https:\/\/www.fonteintjies.co.za\/fr\/contact\/\" \/>\n<meta property=\"og:site_name\" content=\"Fonteintjies\" \/>\n<meta property=\"article:publisher\" content=\"https:\/\/facebook.com\/fonteintjies\" \/>\n<meta property=\"article:modified_time\" content=\"2023-10-22T17:11:24+00:00\" \/>\n<meta property=\"og:image\" content=\"https:\/\/www.fonteintjies.co.za\/wp-content\/uploads\/2021\/11\/Fonteintjies-cover-photo.20201210-1043x608.jpg\" \/>\n\t<meta property=\"og:image:width\" content=\"1043\" \/>\n\t<meta property=\"og:image:height\" content=\"608\" \/>\n\t<meta property=\"og:image:type\" content=\"image\/jpeg\" \/>\n<meta name=\"twitter:card\" content=\"summary_large_image\" \/>\n<meta name=\"twitter:label1\" content=\"Dur\u00e9e de lecture estim\u00e9e\" \/>\n\t<meta name=\"twitter:data1\" content=\"1 minute\" \/>\n<script type=\"application\/ld+json\" class=\"yoast-schema-graph\">{\"@context\":\"https:\\\/\\\/schema.org\",\"@graph\":[{\"@type\":[\"WebPage\",\"ContactPage\"],\"@id\":\"https:\\\/\\\/www.fonteintjies.co.za\\\/contact\\\/\",\"url\":\"https:\\\/\\\/www.fonteintjies.co.za\\\/contact\\\/\",\"name\":\"Contact Us - Fonteintjies\",\"isPartOf\":{\"@id\":\"https:\\\/\\\/www.fonteintjies.co.za\\\/de\\\/#website\"},\"primaryImageOfPage\":{\"@id\":\"https:\\\/\\\/www.fonteintjies.co.za\\\/contact\\\/#primaryimage\"},\"image\":{\"@id\":\"https:\\\/\\\/www.fonteintjies.co.za\\\/contact\\\/#primaryimage\"},\"thumbnailUrl\":\"https:\\\/\\\/www.fonteintjies.co.za\\\/wp-content\\\/uploads\\\/2021\\\/11\\\/Fonteintjies-cover-photo.20201210-1043x608.jpg\",\"datePublished\":\"2021-09-25T16:14:11+00:00\",\"dateModified\":\"2023-10-22T17:11:24+00:00\",\"description\":\"Contact Fonteintjies or make a reservation. Self-catering accommodation with fabulous sea views in the Fransmanshoek Conservancy near Vleesbaai.\",\"breadcrumb\":{\"@id\":\"https:\\\/\\\/www.fonteintjies.co.za\\\/contact\\\/#breadcrumb\"},\"inLanguage\":\"fr-FR\",\"potentialAction\":[{\"@type\":\"ReadAction\",\"target\":[\"https:\\\/\\\/www.fonteintjies.co.za\\\/contact\\\/\"]}]},{\"@type\":\"ImageObject\",\"inLanguage\":\"fr-FR\",\"@id\":\"https:\\\/\\\/www.fonteintjies.co.za\\\/contact\\\/#primaryimage\",\"url\":\"https:\\\/\\\/www.fonteintjies.co.za\\\/wp-content\\\/uploads\\\/2021\\\/11\\\/Fonteintjies-cover-photo.20201210-1043x608.jpg\",\"contentUrl\":\"https:\\\/\\\/www.fonteintjies.co.za\\\/wp-content\\\/uploads\\\/2021\\\/11\\\/Fonteintjies-cover-photo.20201210-1043x608.jpg\",\"width\":1043,\"height\":608},{\"@type\":\"BreadcrumbList\",\"@id\":\"https:\\\/\\\/www.fonteintjies.co.za\\\/contact\\\/#breadcrumb\",\"itemListElement\":[{\"@type\":\"ListItem\",\"position\":1,\"name\":\"Home\",\"item\":\"https:\\\/\\\/www.fonteintjies.co.za\\\/\"},{\"@type\":\"ListItem\",\"position\":2,\"name\":\"Contact Us\"}]},{\"@type\":\"WebSite\",\"@id\":\"https:\\\/\\\/www.fonteintjies.co.za\\\/de\\\/#website\",\"url\":\"https:\\\/\\\/www.fonteintjies.co.za\\\/de\\\/\",\"name\":\"Fonteintjies\",\"description\":\"Relax and Enjoy\",\"potentialAction\":[{\"@type\":\"SearchAction\",\"target\":{\"@type\":\"EntryPoint\",\"urlTemplate\":\"https:\\\/\\\/www.fonteintjies.co.za\\\/de\\\/?s={search_term_string}\"},\"query-input\":{\"@type\":\"PropertyValueSpecification\",\"valueRequired\":true,\"valueName\":\"search_term_string\"}}],\"inLanguage\":\"fr-FR\"}]}<\/script>\n<!-- \/ Yoast SEO plugin. -->","yoast_head_json":{"title":"Contactez-nous - Fonteintjies","description":"Contactez Fonteintjies ou faites une r\u00e9servation. H\u00e9bergement ind\u00e9pendant avec vue imprenable sur la mer dans la r\u00e9serve Fransmanshoek pr\u00e8s de Vleesbaai.","robots":{"index":"index","follow":"follow","max-snippet":"max-snippet:-1","max-image-preview":"max-image-preview:large","max-video-preview":"max-video-preview:-1"},"canonical":"https:\/\/www.fonteintjies.co.za\/fr\/contact\/","og_locale":"fr_FR","og_type":"article","og_title":"Contact Us - Fonteintjies","og_description":"Contact Fonteintjies or make a reservation. Self-catering accommodation with fabulous sea views in the Fransmanshoek Conservancy near Vleesbaai.","og_url":"https:\/\/www.fonteintjies.co.za\/fr\/contact\/","og_site_name":"Fonteintjies","article_publisher":"https:\/\/facebook.com\/fonteintjies","article_modified_time":"2023-10-22T17:11:24+00:00","og_image":[{"width":1043,"height":608,"url":"https:\/\/www.fonteintjies.co.za\/wp-content\/uploads\/2021\/11\/Fonteintjies-cover-photo.20201210-1043x608.jpg","type":"image\/jpeg"}],"twitter_card":"summary_large_image","twitter_misc":{"Dur\u00e9e de lecture estim\u00e9e":"1 minute"},"schema":{"@context":"https:\/\/schema.org","@graph":[{"@type":["WebPage","ContactPage"],"@id":"https:\/\/www.fonteintjies.co.za\/contact\/","url":"https:\/\/www.fonteintjies.co.za\/contact\/","name":"Contactez-nous - Fonteintjies","isPartOf":{"@id":"https:\/\/www.fonteintjies.co.za\/de\/#website"},"primaryImageOfPage":{"@id":"https:\/\/www.fonteintjies.co.za\/contact\/#primaryimage"},"image":{"@id":"https:\/\/www.fonteintjies.co.za\/contact\/#primaryimage"},"thumbnailUrl":"https:\/\/www.fonteintjies.co.za\/wp-content\/uploads\/2021\/11\/Fonteintjies-cover-photo.20201210-1043x608.jpg","datePublished":"2021-09-25T16:14:11+00:00","dateModified":"2023-10-22T17:11:24+00:00","description":"Contactez Fonteintjies ou faites une r\u00e9servation. H\u00e9bergement ind\u00e9pendant avec vue imprenable sur la mer dans la r\u00e9serve Fransmanshoek pr\u00e8s de Vleesbaai.","breadcrumb":{"@id":"https:\/\/www.fonteintjies.co.za\/contact\/#breadcrumb"},"inLanguage":"fr-FR","potentialAction":[{"@type":"ReadAction","target":["https:\/\/www.fonteintjies.co.za\/contact\/"]}]},{"@type":"ImageObject","inLanguage":"fr-FR","@id":"https:\/\/www.fonteintjies.co.za\/contact\/#primaryimage","url":"https:\/\/www.fonteintjies.co.za\/wp-content\/uploads\/2021\/11\/Fonteintjies-cover-photo.20201210-1043x608.jpg","contentUrl":"https:\/\/www.fonteintjies.co.za\/wp-content\/uploads\/2021\/11\/Fonteintjies-cover-photo.20201210-1043x608.jpg","width":1043,"height":608},{"@type":"BreadcrumbList","@id":"https:\/\/www.fonteintjies.co.za\/contact\/#breadcrumb","itemListElement":[{"@type":"ListItem","position":1,"name":"Home","item":"https:\/\/www.fonteintjies.co.za\/"},{"@type":"ListItem","position":2,"name":"Contact Us"}]},{"@type":"WebSite","@id":"https:\/\/www.fonteintjies.co.za\/de\/#website","url":"https:\/\/www.fonteintjies.co.za\/de\/","name":"Fonteintjies","description":"Relaxez vous et profitez","potentialAction":[{"@type":"SearchAction","target":{"@type":"EntryPoint","urlTemplate":"https:\/\/www.fonteintjies.co.za\/de\/?s={search_term_string}"},"query-input":{"@type":"PropertyValueSpecification","valueRequired":true,"valueName":"search_term_string"}}],"inLanguage":"fr-FR"}]}},"jetpack-related-posts":[],"jetpack_sharing_enabled":true,"_links":{"self":[{"href":"https:\/\/www.fonteintjies.co.za\/fr\/wp-json\/wp\/v2\/pages\/7","targetHints":{"allow":["GET"]}}],"collection":[{"href":"https:\/\/www.fonteintjies.co.za\/fr\/wp-json\/wp\/v2\/pages"}],"about":[{"href":"https:\/\/www.fonteintjies.co.za\/fr\/wp-json\/wp\/v2\/types\/page"}],"author":[{"embeddable":true,"href":"https:\/\/www.fonteintjies.co.za\/fr\/wp-json\/wp\/v2\/users\/4"}],"replies":[{"embeddable":true,"href":"https:\/\/www.fonteintjies.co.za\/fr\/wp-json\/wp\/v2\/comments?post=7"}],"version-history":[{"count":0,"href":"https:\/\/www.fonteintjies.co.za\/fr\/wp-json\/wp\/v2\/pages\/7\/revisions"}],"wp:featuredmedia":[{"embeddable":true,"href":"https:\/\/www.fonteintjies.co.za\/fr\/wp-json\/wp\/v2\/media\/324"}],"wp:attachment":[{"href":"https:\/\/www.fonteintjies.co.za\/fr\/wp-json\/wp\/v2\/media?parent=7"}],"curies":[{"name":"wp","href":"https:\/\/api.w.org\/{rel}","templated":true}]}}