{"id":5,"date":"2021-09-25T18:14:11","date_gmt":"2021-09-25T16:14:11","guid":{"rendered":"https:\/\/wwwtest.fonteintjies.co.za\/?page_id=5"},"modified":"2023-10-22T19:17:50","modified_gmt":"2023-10-22T17:17:50","slug":"fonteintjies","status":"publish","type":"page","link":"https:\/\/www.fonteintjies.co.za\/fr\/","title":{"rendered":"Fonteintjies"},"content":{"rendered":"<figure class=\"wp-block-image size-large\"><img loading=\"lazy\" decoding=\"async\" width=\"1024\" height=\"597\" src=\"https:\/\/www.fonteintjies.co.za\/wp-content\/uploads\/2021\/11\/Fonteintjies-cover-photo.20201210-1024x597.jpg\" alt=\"\" class=\"wp-image-324\"\/><\/figure>\n\n\n\n<div class=\"wp-block-group\"><div class=\"wp-block-group__inner-container is-layout-flow wp-block-group-is-layout-flow\">\n<h2 class=\"wp-block-heading has-text-align-center\" id=\"fonteintjies\">Fonteintjies<\/h2>\n\n\n\n<p class=\"has-text-align-center\" id=\"self-catering-accommodation-near-vleesbaai\">Propri\u00e9t\u00e9 Priv\u00e9e pr\u00e8s du Vleesbaai<\/p>\n<\/div><\/div>\n\n\n\n<div class=\"wp-block-group is-style-twentytwentyone-border\"><div class=\"wp-block-group__inner-container is-layout-flow wp-block-group-is-layout-flow\">\n<p class=\"has-text-align-center\">Fonteintjies est une propri\u00e9t\u00e9 priv\u00e9e. Nous n&#039;autorisons pas l&#039;acc\u00e8s au public. Nous ne proposons pas de location.<\/p>\n<\/div><\/div>\n\n\n\n<div class=\"wp-block-group\"><div class=\"wp-block-group__inner-container is-layout-flow wp-block-group-is-layout-flow\">\n<p>Fonteintjies est une fermette \u00e0 4 km du petit village c\u00f4tier de <a href=\"https:\/\/vleesbaai.co.za\/\">Vleesbaai<\/a>. La maison est situ\u00e9e sur une propri\u00e9t\u00e9 de 8 hectares avec des dunes naturelles et une v\u00e9g\u00e9tation de fynbos, dans la <a href=\"https:\/\/vleesbaai.co.za\/fransmanshoek-conservancy\/\">Zone de conservation Fransmanshoek<\/a>. Fonteintjies offre une vue imprenable sur la mer et un sentier priv\u00e9 menant \u00e0 une plage isol\u00e9e.<\/p>\n\n\n\n<p>La r\u00e9gion est connue pour son climat doux toute l&#039;ann\u00e9e, ses plages dor\u00e9es et un \u00e9ventail d&#039;attractions naturelles, culturelles et historiques.<\/p>\n\n\n\n<p> <a href=\"https:\/\/www.visitmosselbay.co.za\/\">Mossel Bay<\/a> est \u00e0 seulement 30 km, et <a href=\"https:\/\/www.gardenroute.com\/george-history_content_op_view_id_71\">George<\/a> est \u00e0 70 km. Cette zone est consid\u00e9r\u00e9e comme faisant partie du <a href=\"https:\/\/www.gardenroute.com\/garden-route-tourism_content_op_view_id_78\">Route des Jardins<\/a>, et d'autres destinations de la Route des Jardines telles que <a href=\"https:\/\/www.visitknysna.co.za\/\">Knysna<\/a> ou <a href=\"https:\/\/www.plett-tourism.co.za\/\">Plettenberg Bay<\/a> sont \u00e0 port\u00e9e de main pour une excursion d&#039;une journ\u00e9e. <a href=\"https:\/\/www.oudtshoorn.com\/\">Oudtshoorn<\/a> est \u00e9galement \u00e0 port\u00e9e de main.<\/p>\n\n\n\n<p>La maison peut accueillir jusqu&#039;\u00e0 6 personnes et dispose de trois chambres pouvant accueillir chacune 2 personnes. Nous avons une annexe de style dortoir dans un autre b\u00e2timent \u00e0 quelques m\u00e8tres de la maison, avec des lits superpos\u00e9s pour 4 personnes suppl\u00e9mentaires.<\/p>\n<\/div><\/div>\n\n\n\n<p class=\"has-text-align-right\" id=\"more-about-us\"><em><a href=\"https:\/\/www.fonteintjies.co.za\/fr\/a-propos\/\" data-type=\"page\" data-id=\"6\">En savoir plus sur nous\u2026<\/a><\/em><\/p>\n\n\n\n<div class=\"wp-block-group\"><div class=\"wp-block-group__inner-container is-layout-flow wp-block-group-is-layout-flow\">\n<h2 class=\"wp-block-heading\" id=\"photos\">Photos<\/h2>\n\n\n\n<p>Voici quelques-unes de nos photos. Il y a plus sur le page <a href=\"https:\/\/www.fonteintjies.co.za\/fr\/galerie\/\">Galerie<\/a> .<\/p>\n\n\n<div class=\"go-gallery menu-center  size-medium style-normal\"\r id=\"go-38e022\"\r data-gap=\"10\"\r data-desc-color=\"#fff\"\r data-menu-color=\"#fff\"\r data-menu-bg=\"#000\"\r data-menu-bg-hover=\"#aaa\"\r data-menu-gap=\"4\"\r data-bg=\"#eee\"\r data-border-size=\"5\"\r><ul class=\"go-gallery-filters\"><li><a data-filter=\"\" href=\"#\">Tout<\/a><\/li><\/ul><div class=\"go-gallery-list-wrapper\"><ul class=\"go-gallery-list\"><li data-source=\"https:\/\/www.fonteintjies.co.za\/wp-content\/uploads\/2021\/11\/image-6-1607x560.jpeg\" title=\"Vue panoramique sur la mer depuis le pont.\"  desc=\"Panoramic view of the sea from the deck. October 2021.\"  class=\"go-gallery-item qt-lightbox tag-front-page tag-gallery-image tag-outdoors tag-panorama tag-sea-view\"><a class=\"image-wrap\" href=\"https:\/\/www.fonteintjies.co.za\/wp-content\/uploads\/2021\/11\/image-6-1607x560.jpeg\" title=\"\"><figure class=\"effect-basic-up\"><img loading=\"lazy\" decoding=\"async\" width=\"750\" height=\"261\" src=\"https:\/\/www.fonteintjies.co.za\/wp-content\/uploads\/2021\/11\/image-6-1024x357.jpeg\" class=\"attachment-large size-large\" alt=\"Une vue panoramique sur l&#039;oc\u00e9an et un rivage rocheux, vue depuis le pont du Fonteintjies. un alo\u00e8s est au premier plan \u00e0 gauche. Deux maisons voisines sont au loin sur la gauche.\" style=\"width:100%;height:34.85%;max-width:1607px;\" \/><figcaption><\/figcaption><\/figure><\/a><\/li><li data-source=\"https:\/\/www.fonteintjies.co.za\/wp-content\/uploads\/2021\/11\/20211020_120433-2500x1216.jpg\" title=\"Chambre 1 au Fonteintjies.\"  desc=\"Bedroom 1 at Fonteintjies. October 2021.\"  class=\"go-gallery-item qt-lightbox tag-bedroom tag-br1 tag-front-page tag-gallery-image tag-interior\"><a class=\"image-wrap\" href=\"https:\/\/www.fonteintjies.co.za\/wp-content\/uploads\/2021\/11\/20211020_120433-2500x1216.jpg\" title=\"\"><figure class=\"effect-basic-up\"><img loading=\"lazy\" decoding=\"async\" width=\"750\" height=\"365\" src=\"https:\/\/www.fonteintjies.co.za\/wp-content\/uploads\/2021\/11\/20211020_120433-1024x498.jpg\" class=\"attachment-large size-large\" alt=\"Chambre 1 au Fonteintjies, vue pr\u00e8s de la porte. Il y a un lit double au premier plan. Les murs \u00e0 l&#039;extr\u00eame gauche et au centre ont tous deux de grandes fen\u00eatres. Sous la fen\u00eatre centrale se trouve un grand si\u00e8ge de chambre. Dans le coin le plus \u00e9loign\u00e9 de la pi\u00e8ce, pr\u00e8s du centre de l&#039;image, se trouve une petite table. L&#039;oc\u00e9an est visible \u00e0 travers la fen\u00eatre au centre \u00e0 droite, et le braai et le patio sont visibles \u00e0 travers l&#039;autre fen\u00eatre \u00e0 gauche.\" style=\"width:100%;height:48.64%;max-width:2500px;\" \/><figcaption><\/figcaption><\/figure><\/a><\/li><li data-source=\"https:\/\/www.fonteintjies.co.za\/wp-content\/uploads\/2021\/11\/20211020_104143-2500x1216.jpg\" title=\"Le salon au Fonteintjies.\"  desc=\"The lounge at Fonteintjies. The sun room and ocean are in the background. October 2021.\"  class=\"go-gallery-item qt-lightbox tag-front-page tag-gallery-image tag-interior tag-living-area tag-lounge\"><a class=\"image-wrap\" href=\"https:\/\/www.fonteintjies.co.za\/wp-content\/uploads\/2021\/11\/20211020_104143-2500x1216.jpg\" title=\"\"><figure class=\"effect-basic-up\"><img loading=\"lazy\" decoding=\"async\" width=\"750\" height=\"365\" src=\"https:\/\/www.fonteintjies.co.za\/wp-content\/uploads\/2021\/11\/20211020_104143-1024x498.jpg\" class=\"attachment-large size-large\" alt=\"Le salon au Fonteintjies. De grandes chaises et canap\u00e9s \u00e0 rayures bleues sont contre les murs \u00e0 gauche et \u00e0 droite. Sur le mur de gauche se trouve une paire de peintures \u00e0 l&#039;huile repr\u00e9sentant la mer vue depuis le pont. Un tapis bleu et blanc est au sol. Une table basse est au centre de la pi\u00e8ce, surmont\u00e9e d&#039;un plateau. Une t\u00e9l\u00e9vision est dans le coin le plus \u00e0 gauche. \u00c9galement \u00e0 l&#039;extr\u00eame gauche se trouve la porte qui m\u00e8ne au pont. Au centre, l&#039;oc\u00e9an est visible \u00e0 travers une fen\u00eatre donnant sur la v\u00e9randa. Une sculpture d&#039;un oiseau hu\u00eetrier est partiellement visible \u00e0 l&#039;extr\u00eame droite de la photo.\" style=\"width:100%;height:48.64%;max-width:2500px;\" \/><figcaption><\/figcaption><\/figure><\/a><\/li><li data-source=\"https:\/\/www.fonteintjies.co.za\/wp-content\/uploads\/2021\/11\/image-1280x622.jpeg\" title=\"La maison et la terrasse vue du jardin\"  desc=\"The house and deck seen from the garden, with the ocean beyond.\"  class=\"go-gallery-item qt-lightbox tag-deck tag-exterior tag-front-page tag-gallery-image tag-outdoors tag-patio tag-sea-view\"><a class=\"image-wrap\" href=\"https:\/\/www.fonteintjies.co.za\/wp-content\/uploads\/2021\/11\/image-1280x622.jpeg\" title=\"\"><figure class=\"effect-basic-up\"><img loading=\"lazy\" decoding=\"async\" width=\"750\" height=\"365\" src=\"https:\/\/www.fonteintjies.co.za\/wp-content\/uploads\/2021\/11\/image-1024x498.jpeg\" class=\"attachment-large size-large\" alt=\"La maison et le pont Fonteintjies vus du jardin, avec l&#039;oc\u00e9an au-del\u00e0. Le patio est \u00e0 gauche.\" style=\"width:100%;height:48.59%;max-width:1280px;\" \/><figcaption><\/figcaption><\/figure><\/a><\/li><li data-source=\"https:\/\/www.fonteintjies.co.za\/wp-content\/uploads\/2021\/11\/20211020_111308-2500x1215.jpg\" title=\"Vue sur la mer par la fen\u00eatre de la v\u00e9randa au Fonteintjies.\"  desc=\"Sea view through the sun room window at Fonteintjies.\u00a0October 2021.\"  class=\"go-gallery-item qt-lightbox tag-front-page tag-gallery-image tag-interior tag-living-area tag-sea-view tag-sun-room\"><a class=\"image-wrap\" href=\"https:\/\/www.fonteintjies.co.za\/wp-content\/uploads\/2021\/11\/20211020_111308-2500x1215.jpg\" title=\"\"><figure class=\"effect-basic-up\"><img loading=\"lazy\" decoding=\"async\" width=\"750\" height=\"365\" src=\"https:\/\/www.fonteintjies.co.za\/wp-content\/uploads\/2021\/11\/20211020_111308-1024x498.jpg\" class=\"attachment-large size-large\" alt=\"Le solarium au Fonteintjies. La photo est domin\u00e9e par une grande fen\u00eatre avec vue sur l&#039;oc\u00e9an. Au centre de la v\u00e9randa se trouve une table avec une exposition de plantes succulentes dans une jardini\u00e8re ovale blanche. Sur les bords de la pi\u00e8ce se trouvent des chaises et des canap\u00e9s en rotin avec des coussins recouverts de gris, et \u00e0 l&#039;extr\u00eame gauche se trouve un lit de repos avec des couvertures et des coussins.\" style=\"width:100%;height:48.6%;max-width:2500px;\" \/><figcaption><\/figcaption><\/figure><\/a><\/li><li data-source=\"https:\/\/www.fonteintjies.co.za\/wp-content\/uploads\/2021\/10\/20201130_184646.jpg\" title=\"Cuisiner sur le feu de braai\"  desc=\"Cooking on the braai fire\"  class=\"go-gallery-item qt-lightbox tag-braai tag-exterior tag-food tag-front-page tag-gallery-image\"><a class=\"image-wrap\" href=\"https:\/\/www.fonteintjies.co.za\/wp-content\/uploads\/2021\/10\/20201130_184646.jpg\" title=\"\"><figure class=\"effect-basic-up\"><img loading=\"lazy\" decoding=\"async\" width=\"750\" height=\"563\" src=\"https:\/\/www.fonteintjies.co.za\/wp-content\/uploads\/2021\/10\/20201130_184646-1024x768.jpg\" class=\"attachment-large size-large\" alt=\"Un feu dans la zone du braai, avec la cuisson des aliments dans deux casseroles en fonte.\" style=\"width:100%;height:75%;max-width:5664px;\" \/><figcaption><\/figcaption><\/figure><\/a><\/li><li data-source=\"https:\/\/www.fonteintjies.co.za\/wp-content\/uploads\/2021\/10\/IMG_20201001_104348.jpg\" title=\"En regardant la plage du c\u00f4t\u00e9 oppos\u00e9.\"  desc=\"Looking down at the beach from the opposite side. The house at Fonteintjies is on the horizon to the left of centre, with a neighbouring house in the distance to the right.\"  class=\"go-gallery-item qt-lightbox tag-beach tag-exterior tag-front-page tag-gallery-image tag-outdoors\"><a class=\"image-wrap\" href=\"https:\/\/www.fonteintjies.co.za\/wp-content\/uploads\/2021\/10\/IMG_20201001_104348.jpg\" title=\"\"><figure class=\"effect-basic-up\"><img loading=\"lazy\" decoding=\"async\" width=\"750\" height=\"563\" src=\"https:\/\/www.fonteintjies.co.za\/wp-content\/uploads\/2021\/10\/IMG_20201001_104348-1024x768.jpg\" class=\"attachment-large size-large\" alt=\"Regardant vers le bas sur une petite plage. L&#039;oc\u00e9an est \u00e0 droite. Au loin, une colline couverte de v\u00e9g\u00e9tation verte. La maison et la terrasse du Fonteintjies sont visibles \u00e0 l&#039;horizon. Une maison voisine est au loin \u00e0 droite.\" style=\"width:100%;height:75%;max-width:4640px;\" \/><figcaption><\/figcaption><\/figure><\/a><\/li><li data-source=\"https:\/\/www.fonteintjies.co.za\/wp-content\/uploads\/2021\/09\/139104000_125123159446835_8217823514062336935_n-1440x1080.jpg\" title=\"Coucher de soleil depuis le jardin\"  desc=\"Sunset view from the garden at Fonteintjies. Photo by Melanie, January 2021.\"  class=\"go-gallery-item qt-lightbox tag-exterior tag-front-page tag-gallery-image tag-sea-view tag-sunset\"><a class=\"image-wrap\" href=\"https:\/\/www.fonteintjies.co.za\/wp-content\/uploads\/2021\/09\/139104000_125123159446835_8217823514062336935_n-1440x1080.jpg\" title=\"\"><figure class=\"effect-basic-up\"><img loading=\"lazy\" decoding=\"async\" width=\"750\" height=\"563\" src=\"https:\/\/www.fonteintjies.co.za\/wp-content\/uploads\/2021\/09\/139104000_125123159446835_8217823514062336935_n-1024x768.jpg\" class=\"attachment-large size-large\" alt=\"Coucher de soleil depuis le jardin du Fonteintjies. Le soleil couchant est au centre, la maison \u00e0 droite et l&#039;oc\u00e9an \u00e0 gauche.\" style=\"width:100%;height:75%;max-width:1440px;\" \/><figcaption><\/figcaption><\/figure><\/a><\/li><li data-source=\"https:\/\/www.fonteintjies.co.za\/wp-content\/uploads\/2021\/09\/311265862-720x335.jpg\" title=\"Coucher de soleil depuis le pont\"  desc=\"Sunset view from the deck at Fonteintjies.\"  class=\"go-gallery-item qt-lightbox tag-deck tag-exterior tag-front-page tag-gallery-image tag-sea-view tag-sunset\"><a class=\"image-wrap\" href=\"https:\/\/www.fonteintjies.co.za\/wp-content\/uploads\/2021\/09\/311265862-720x335.jpg\" title=\"\"><figure class=\"effect-basic-up\"><img loading=\"lazy\" decoding=\"async\" width=\"720\" height=\"335\" src=\"https:\/\/www.fonteintjies.co.za\/wp-content\/uploads\/2021\/09\/311265862-720x335.jpg\" class=\"attachment-large size-large\" alt=\"Vue du coucher de soleil depuis le pont au Fonteintjies. Le soleil couchant est juste en dessous de l&#039;horizon, la maison \u00e0 droite et l&#039;oc\u00e9an \u00e0 gauche.\" style=\"width:100%;height:46.53%;max-width:720px;\" \/><figcaption><\/figcaption><\/figure><\/a><\/li><\/ul><\/div> <!-- end go-gallery-list-wrapper --><\/div> <!-- end go-gallery -->\n<\/div><\/div>","protected":false},"excerpt":{"rendered":"<p>Photos Voici quelques-unes de nos photos. Il y en a d&#039;autres sur la page de la galerie.<\/p>","protected":false},"author":4,"featured_media":324,"parent":0,"menu_order":0,"comment_status":"closed","ping_status":"closed","template":"","meta":{"footnotes":""},"class_list":["post-5","page","type-page","status-publish","has-post-thumbnail","hentry","entry"],"yoast_head":"<!-- This site is optimized with the Yoast SEO plugin v27.5 - https:\/\/yoast.com\/product\/yoast-seo-wordpress\/ -->\n<title>Fonteintjies self-catering accommodation Fransmanshoek Vleesbaai<\/title>\n<meta name=\"description\" content=\"Fonteintjies offers self-catering accommodation with fabulous sea views in the Fransmanshoek Conservancy near Vleesbaai, near Mossel Bay.\" \/>\n<meta name=\"robots\" content=\"index, follow, max-snippet:-1, max-image-preview:large, max-video-preview:-1\" \/>\n<link rel=\"canonical\" href=\"https:\/\/www.fonteintjies.co.za\/fr\/\" \/>\n<meta property=\"og:locale\" content=\"fr_FR\" \/>\n<meta property=\"og:type\" content=\"article\" \/>\n<meta property=\"og:title\" content=\"Fonteintjies self-catering accommodaiton\" \/>\n<meta property=\"og:description\" content=\"Fonteintjies offers self-catering accommodation with fabulous sea views in the Fransmanshoek Conservancy near Vleesbaai, near Mossel Bay.\" \/>\n<meta property=\"og:url\" content=\"https:\/\/www.fonteintjies.co.za\/fr\/\" \/>\n<meta property=\"og:site_name\" content=\"Fonteintjies\" \/>\n<meta property=\"article:publisher\" content=\"https:\/\/facebook.com\/fonteintjies\" \/>\n<meta property=\"article:modified_time\" content=\"2023-10-22T17:17:50+00:00\" \/>\n<meta property=\"og:image\" content=\"https:\/\/www.fonteintjies.co.za\/wp-content\/uploads\/2021\/11\/image-1280x622.jpeg\" \/>\n\t<meta property=\"og:image:width\" content=\"1280\" \/>\n\t<meta property=\"og:image:height\" content=\"622\" \/>\n\t<meta property=\"og:image:type\" content=\"image\/jpeg\" \/>\n<meta name=\"twitter:card\" content=\"summary_large_image\" \/>\n<meta name=\"twitter:title\" content=\"Fonteintjies self-catering accommodation\" \/>\n<meta name=\"twitter:description\" content=\"Fonteintjies offers self-catering accommodation with fabulous sea views in the Fransmanshoek Conservancy near Vleesbaai, near Mossel Bay.\" \/>\n<meta name=\"twitter:label1\" content=\"Dur\u00e9e de lecture estim\u00e9e\" \/>\n\t<meta name=\"twitter:data1\" content=\"1 minute\" \/>\n<script type=\"application\/ld+json\" class=\"yoast-schema-graph\">{\"@context\":\"https:\\\/\\\/schema.org\",\"@graph\":[{\"@type\":[\"WebPage\",\"ProfilePage\"],\"@id\":\"https:\\\/\\\/www.fonteintjies.co.za\\\/\",\"url\":\"https:\\\/\\\/www.fonteintjies.co.za\\\/\",\"name\":\"Fonteintjies self-catering accommodation Fransmanshoek Vleesbaai\",\"isPartOf\":{\"@id\":\"https:\\\/\\\/www.fonteintjies.co.za\\\/de\\\/#website\"},\"primaryImageOfPage\":{\"@id\":\"https:\\\/\\\/www.fonteintjies.co.za\\\/#primaryimage\"},\"image\":{\"@id\":\"https:\\\/\\\/www.fonteintjies.co.za\\\/#primaryimage\"},\"thumbnailUrl\":\"https:\\\/\\\/www.fonteintjies.co.za\\\/wp-content\\\/uploads\\\/2021\\\/11\\\/Fonteintjies-cover-photo.20201210-1043x608.jpg\",\"datePublished\":\"2021-09-25T16:14:11+00:00\",\"dateModified\":\"2023-10-22T17:17:50+00:00\",\"description\":\"Fonteintjies offers self-catering accommodation with fabulous sea views in the Fransmanshoek Conservancy near Vleesbaai, near Mossel Bay.\",\"breadcrumb\":{\"@id\":\"https:\\\/\\\/www.fonteintjies.co.za\\\/#breadcrumb\"},\"inLanguage\":\"fr-FR\",\"potentialAction\":[{\"@type\":\"ReadAction\",\"target\":[\"https:\\\/\\\/www.fonteintjies.co.za\\\/\"]}]},{\"@type\":\"ImageObject\",\"inLanguage\":\"fr-FR\",\"@id\":\"https:\\\/\\\/www.fonteintjies.co.za\\\/#primaryimage\",\"url\":\"https:\\\/\\\/www.fonteintjies.co.za\\\/wp-content\\\/uploads\\\/2021\\\/11\\\/Fonteintjies-cover-photo.20201210-1043x608.jpg\",\"contentUrl\":\"https:\\\/\\\/www.fonteintjies.co.za\\\/wp-content\\\/uploads\\\/2021\\\/11\\\/Fonteintjies-cover-photo.20201210-1043x608.jpg\",\"width\":1043,\"height\":608},{\"@type\":\"BreadcrumbList\",\"@id\":\"https:\\\/\\\/www.fonteintjies.co.za\\\/#breadcrumb\",\"itemListElement\":[{\"@type\":\"ListItem\",\"position\":1,\"name\":\"Home\",\"item\":\"https:\\\/\\\/www.fonteintjies.co.za\\\/\"},{\"@type\":\"ListItem\",\"position\":2,\"name\":\"Fonteintjies\"}]},{\"@type\":\"WebSite\",\"@id\":\"https:\\\/\\\/www.fonteintjies.co.za\\\/de\\\/#website\",\"url\":\"https:\\\/\\\/www.fonteintjies.co.za\\\/de\\\/\",\"name\":\"Fonteintjies\",\"description\":\"Relax and Enjoy\",\"potentialAction\":[{\"@type\":\"SearchAction\",\"target\":{\"@type\":\"EntryPoint\",\"urlTemplate\":\"https:\\\/\\\/www.fonteintjies.co.za\\\/de\\\/?s={search_term_string}\"},\"query-input\":{\"@type\":\"PropertyValueSpecification\",\"valueRequired\":true,\"valueName\":\"search_term_string\"}}],\"inLanguage\":\"fr-FR\"}]}<\/script>\n<!-- \/ Yoast SEO plugin. -->","yoast_head_json":{"title":"Fonteintjies g\u00eetes Fransmanshoek Vleesbaai","description":"Le Fonteintjies propose un h\u00e9bergement ind\u00e9pendant avec une vue imprenable sur la mer dans le Fransmanshoek Conservancy pr\u00e8s de Vleesbaai, pr\u00e8s de Mossel Bay.","robots":{"index":"index","follow":"follow","max-snippet":"max-snippet:-1","max-image-preview":"max-image-preview:large","max-video-preview":"max-video-preview:-1"},"canonical":"https:\/\/www.fonteintjies.co.za\/fr\/","og_locale":"fr_FR","og_type":"article","og_title":"Fonteintjies self-catering accommodaiton","og_description":"Fonteintjies offers self-catering accommodation with fabulous sea views in the Fransmanshoek Conservancy near Vleesbaai, near Mossel Bay.","og_url":"https:\/\/www.fonteintjies.co.za\/fr\/","og_site_name":"Fonteintjies","article_publisher":"https:\/\/facebook.com\/fonteintjies","article_modified_time":"2023-10-22T17:17:50+00:00","og_image":[{"width":1280,"height":622,"url":"https:\/\/www.fonteintjies.co.za\/wp-content\/uploads\/2021\/11\/image-1280x622.jpeg","type":"image\/jpeg"}],"twitter_card":"summary_large_image","twitter_title":"Fonteintjies self-catering accommodation","twitter_description":"Fonteintjies offers self-catering accommodation with fabulous sea views in the Fransmanshoek Conservancy near Vleesbaai, near Mossel Bay.","twitter_misc":{"Dur\u00e9e de lecture estim\u00e9e":"1 minute"},"schema":{"@context":"https:\/\/schema.org","@graph":[{"@type":["WebPage","ProfilePage"],"@id":"https:\/\/www.fonteintjies.co.za\/","url":"https:\/\/www.fonteintjies.co.za\/","name":"Fonteintjies g\u00eetes Fransmanshoek Vleesbaai","isPartOf":{"@id":"https:\/\/www.fonteintjies.co.za\/de\/#website"},"primaryImageOfPage":{"@id":"https:\/\/www.fonteintjies.co.za\/#primaryimage"},"image":{"@id":"https:\/\/www.fonteintjies.co.za\/#primaryimage"},"thumbnailUrl":"https:\/\/www.fonteintjies.co.za\/wp-content\/uploads\/2021\/11\/Fonteintjies-cover-photo.20201210-1043x608.jpg","datePublished":"2021-09-25T16:14:11+00:00","dateModified":"2023-10-22T17:17:50+00:00","description":"Le Fonteintjies propose un h\u00e9bergement ind\u00e9pendant avec une vue imprenable sur la mer dans le Fransmanshoek Conservancy pr\u00e8s de Vleesbaai, pr\u00e8s de Mossel Bay.","breadcrumb":{"@id":"https:\/\/www.fonteintjies.co.za\/#breadcrumb"},"inLanguage":"fr-FR","potentialAction":[{"@type":"ReadAction","target":["https:\/\/www.fonteintjies.co.za\/"]}]},{"@type":"ImageObject","inLanguage":"fr-FR","@id":"https:\/\/www.fonteintjies.co.za\/#primaryimage","url":"https:\/\/www.fonteintjies.co.za\/wp-content\/uploads\/2021\/11\/Fonteintjies-cover-photo.20201210-1043x608.jpg","contentUrl":"https:\/\/www.fonteintjies.co.za\/wp-content\/uploads\/2021\/11\/Fonteintjies-cover-photo.20201210-1043x608.jpg","width":1043,"height":608},{"@type":"BreadcrumbList","@id":"https:\/\/www.fonteintjies.co.za\/#breadcrumb","itemListElement":[{"@type":"ListItem","position":1,"name":"Home","item":"https:\/\/www.fonteintjies.co.za\/"},{"@type":"ListItem","position":2,"name":"Fonteintjies"}]},{"@type":"WebSite","@id":"https:\/\/www.fonteintjies.co.za\/de\/#website","url":"https:\/\/www.fonteintjies.co.za\/de\/","name":"Fonteintjies","description":"Relaxez vous et profitez","potentialAction":[{"@type":"SearchAction","target":{"@type":"EntryPoint","urlTemplate":"https:\/\/www.fonteintjies.co.za\/de\/?s={search_term_string}"},"query-input":{"@type":"PropertyValueSpecification","valueRequired":true,"valueName":"search_term_string"}}],"inLanguage":"fr-FR"}]}},"jetpack-related-posts":[{"id":144,"url":"https:\/\/www.fonteintjies.co.za\/fr\/galerie\/","url_meta":{"origin":5,"position":0},"title":"Galerie","author":"Fonteintjies","date":"3 octobre 2021","format":false,"excerpt":"Profitez de nos photos","rel":"","context":"Article similaire","block_context":{"text":"Article similaire","link":""},"img":{"alt_text":"","src":"https:\/\/i0.wp.com\/www.fonteintjies.co.za\/wp-content\/uploads\/2021\/11\/Fonteintjies-cover-photo.20201210-1043x608.jpg?resize=350%2C200&ssl=1","width":350,"height":200,"srcset":"https:\/\/i0.wp.com\/www.fonteintjies.co.za\/wp-content\/uploads\/2021\/11\/Fonteintjies-cover-photo.20201210-1043x608.jpg?resize=350%2C200&ssl=1 1x, https:\/\/i0.wp.com\/www.fonteintjies.co.za\/wp-content\/uploads\/2021\/11\/Fonteintjies-cover-photo.20201210-1043x608.jpg?resize=525%2C300&ssl=1 1.5x, https:\/\/i0.wp.com\/www.fonteintjies.co.za\/wp-content\/uploads\/2021\/11\/Fonteintjies-cover-photo.20201210-1043x608.jpg?resize=700%2C400&ssl=1 2x"},"classes":[]}],"jetpack_sharing_enabled":true,"_links":{"self":[{"href":"https:\/\/www.fonteintjies.co.za\/fr\/wp-json\/wp\/v2\/pages\/5","targetHints":{"allow":["GET"]}}],"collection":[{"href":"https:\/\/www.fonteintjies.co.za\/fr\/wp-json\/wp\/v2\/pages"}],"about":[{"href":"https:\/\/www.fonteintjies.co.za\/fr\/wp-json\/wp\/v2\/types\/page"}],"author":[{"embeddable":true,"href":"https:\/\/www.fonteintjies.co.za\/fr\/wp-json\/wp\/v2\/users\/4"}],"replies":[{"embeddable":true,"href":"https:\/\/www.fonteintjies.co.za\/fr\/wp-json\/wp\/v2\/comments?post=5"}],"version-history":[{"count":0,"href":"https:\/\/www.fonteintjies.co.za\/fr\/wp-json\/wp\/v2\/pages\/5\/revisions"}],"wp:featuredmedia":[{"embeddable":true,"href":"https:\/\/www.fonteintjies.co.za\/fr\/wp-json\/wp\/v2\/media\/324"}],"wp:attachment":[{"href":"https:\/\/www.fonteintjies.co.za\/fr\/wp-json\/wp\/v2\/media?parent=5"}],"curies":[{"name":"wp","href":"https:\/\/api.w.org\/{rel}","templated":true}]}}