{"id":6,"date":"2021-09-25T18:14:11","date_gmt":"2021-09-25T16:14:11","guid":{"rendered":"https:\/\/wwwtest.fonteintjies.co.za\/?page_id=6"},"modified":"2023-10-22T19:15:10","modified_gmt":"2023-10-22T17:15:10","slug":"about","status":"publish","type":"page","link":"https:\/\/www.fonteintjies.co.za\/de\/uber\/","title":{"rendered":"\u00dcber uns"},"content":{"rendered":"<figure class=\"wp-block-image size-large\"><img loading=\"lazy\" decoding=\"async\" width=\"1024\" height=\"597\" src=\"https:\/\/www.fonteintjies.co.za\/wp-content\/uploads\/2021\/11\/Fonteintjies-cover-photo.20201210-1024x597.jpg\" alt=\"\" class=\"wp-image-324\" srcset=\"https:\/\/www.fonteintjies.co.za\/wp-content\/uploads\/2021\/11\/Fonteintjies-cover-photo.20201210-1024x597.jpg 1024w, https:\/\/www.fonteintjies.co.za\/wp-content\/uploads\/2021\/11\/Fonteintjies-cover-photo.20201210-300x175.jpg 300w, https:\/\/www.fonteintjies.co.za\/wp-content\/uploads\/2021\/11\/Fonteintjies-cover-photo.20201210-768x448.jpg 768w, https:\/\/www.fonteintjies.co.za\/wp-content\/uploads\/2021\/11\/Fonteintjies-cover-photo.20201210-18x10.jpg 18w, https:\/\/www.fonteintjies.co.za\/wp-content\/uploads\/2021\/11\/Fonteintjies-cover-photo.20201210-1043x608.jpg 1043w\" sizes=\"auto, (max-width: 1024px) 100vw, 1024px\" \/><\/figure>\n\n\n\n<div class=\"wp-block-group\"><div class=\"wp-block-group__inner-container is-layout-flow wp-block-group-is-layout-flow\">\n<h2 class=\"wp-block-heading has-text-align-center\" id=\"fonteintjies\">Fonteintjies<\/h2>\n\n\n\n<p class=\"has-text-align-center\" id=\"self-catering-accommodation-near-vleesbaai\">Privatgrundst\u00fcck in der N\u00e4he von Vleesbaai<\/p>\n<\/div><\/div>\n\n\n\n<div class=\"wp-block-group is-style-twentytwentyone-border\"><div class=\"wp-block-group__inner-container is-layout-flow wp-block-group-is-layout-flow\">\n<p class=\"has-text-align-center\">Fonteintjies ist Privateigentum. Wir gew\u00e4hren der \u00d6ffentlichkeit keinen Zutritt. Wir bieten keine Vermietung an.<\/p>\n<\/div><\/div>\n\n\n\n<div class=\"wp-block-group\"><div class=\"wp-block-group__inner-container is-layout-flow wp-block-group-is-layout-flow\">\n<p>Fonteintjies ist ein Kleinbauernhof 4 km vom kleinen K\u00fcstendorf entfernt <a href=\"https:\/\/vleesbaai.co.za\/\">Vleesbaai<\/a>. Das Haus befindet sich auf einem 8 Hektar gro\u00dfen Grundst\u00fcck mit nat\u00fcrlichen D\u00fcnen und Fynbos-Vegetation, innerhalb das <a href=\"https:\/\/vleesbaai.co.za\/fransmanshoek-conservancy\/\">Fransmanshoek-Naturschutzgebiet<\/a>. Fonteintjies bietet erstklassigen Meerblick und einen privaten Fu\u00dfweg zu einem abgelegene Strand.<\/p>\n\n\n\n<p>Die Region ist bekannt f\u00fcr ihr ganzj\u00e4hrig mildes Klima, goldene Str\u00e4nde und eine Reihe von nat\u00fcrlichen, kulturellen und historischen Sehensw\u00fcrdigkeiten.<\/p>\n\n\n\n<p> <a href=\"https:\/\/www.visitmosselbay.co.za\/\">Mossel Bay<\/a> ist nur 30 km entfernt, und <a href=\"https:\/\/www.gardenroute.com\/george-history_content_op_view_id_71\">George<\/a> ist 70 km entfernt. Dieser Bereich gilt als Teil der <a href=\"https:\/\/www.gardenroute.com\/garden-route-tourism_content_op_view_id_78\">Garden Route<\/a>, und andere Garden Route-Ziele wie <a href=\"https:\/\/www.visitknysna.co.za\/\">Knysna<\/a> oder <a href=\"https:\/\/www.plett-tourism.co.za\/\">Plettenberg Bay<\/a> sind f\u00fcr einen Tagesausflug in Reichweite. <a href=\"https:\/\/www.oudtshoorn.com\/\">Oudtshoorn<\/a> ist auch gut zu erreichen.<\/p>\n\n\n\n<p>Das Haus ist f\u00fcr bis zu 6 Personen geeignet und verf\u00fcgt \u00fcber drei Schlafzimmer f\u00fcr jeweils 2 Personen. Wir haben ein Nebengeb\u00e4ude im Schlafsaal-Stil in einem anderen Geb\u00e4ude, nur wenige Meter vom Haus entfernt, mit Etagenbetten f\u00fcr weitere 4 Personen.<\/p>\n<\/div><\/div>\n\n\n\n<p>Das Haus bietet ein Badezimmer mit Badewanne, Dusche und Waschbecken, und es gibt eine separate Toilette. Das Nebengeb\u00e4ude verf\u00fcgt \u00fcber eine eigene Toilette und Zugang zu einer separaten Dusche. Bettw\u00e4sche und Handt\u00fccher werden gestellt, aber bitte bringen Sie Ihre eigenen Strandt\u00fccher mit.<\/p>\n\n\n\n<p>Die K\u00fcche im Haus ist komplett mit allen modernen Annehmlichkeiten ausgestattet, darunter ein Geschirrsp\u00fcler, w\u00e4hrend das Nebengeb\u00e4ude \u00fcber eine K\u00fcchenzeile verf\u00fcgt.<\/p>\n\n\n\n<p>Die gro\u00dfen Ess- und Wohnbereiche bieten ausreichend Platz, um eine Mahlzeit oder ein Brettspiel aus unserer riesigen Spieleauswahl zu genie\u00dfen. Der Wintergarten bietet die atemberaubendste Aussicht und ist der perfekte Ort, um mit einem Buch zu entspannen.<\/p>\n\n\n\n<p>Genie\u00dfen Sie die Sonne und beobachten Sie Wale und Delfine vom Deck aus oder entspannen Sie bei einer Partie Dart auf dem gro\u00dfen Grillplatz.<\/p>\n\n\n\n<p>Walsaison ist zwischen Juni und Oktober, und manchmal k\u00f6nnen Delfine in der Bucht beobachtet werden. Die Lage bietet auch ausgezeichnete M\u00f6glichkeiten zur Vogelbeobachtung.<\/p>\n\n\n\n<p>Kommen Sie im Meer schwimmen, wandern, genie\u00dfen Sie die unglaublich hellen Sterne in der Nacht, gehen Sie angeln oder genie\u00dfen Sie einfach die ruhige Umgebung.<\/p>\n\n\n\n<p>Mit einer fantastischen Lage, einer entspannten Atmosph\u00e4re und einer gro\u00dfartigen Umgebung zum Erkunden wird das Aufwachen im Fonteintjies zu einem Erlebnis, das Sie nie vergessen werden.<\/p>\n\n\n\n<p><\/p>","protected":false},"excerpt":{"rendered":"<p>Das Haus verf\u00fcgt \u00fcber ein Badezimmer mit Badewanne, Dusche und Waschbecken sowie eine separate Toilette. Der Anbau verf\u00fcgt \u00fcber eine eigene Toilette und Zugang zu einer separaten Dusche. Bettw\u00e4sche und Handt\u00fccher sind vorhanden, Strandt\u00fccher bringen Sie bitte selbst mit. Die K\u00fcche im Haus ist komplett mit allen modernen Annehmlichkeiten ausgestattet, darunter\u2026 <a class=\"more-link\" href=\"https:\/\/www.fonteintjies.co.za\/de\/uber\/\"><span class=\"screen-reader-text\">\u00dcber uns<\/span> weiterlesen<\/a><\/p>","protected":false},"author":4,"featured_media":324,"parent":0,"menu_order":0,"comment_status":"closed","ping_status":"closed","template":"","meta":{"footnotes":""},"class_list":["post-6","page","type-page","status-publish","has-post-thumbnail","hentry","entry"],"yoast_head":"<!-- This site is optimized with the Yoast SEO plugin v27.5 - https:\/\/yoast.com\/product\/yoast-seo-wordpress\/ -->\n<title>About Us - Fonteintjies<\/title>\n<meta name=\"description\" content=\"Fonteintjies offers self-catering accommodation with fabulous sea views in the Fransmanshoek Conservancy, about 4km from Vleesbaai.\" \/>\n<meta name=\"robots\" content=\"index, follow, max-snippet:-1, max-image-preview:large, max-video-preview:-1\" \/>\n<link rel=\"canonical\" href=\"https:\/\/www.fonteintjies.co.za\/de\/uber\/\" \/>\n<meta property=\"og:locale\" content=\"de_DE\" \/>\n<meta property=\"og:type\" content=\"article\" \/>\n<meta property=\"og:title\" content=\"Fonteintjies self-catering accommodation\" \/>\n<meta property=\"og:description\" content=\"Fonteintjies offers self-catering accommodation with fabulous sea views in the Fransmanshoek Conservancy, about 4km from Vleesbaai.\" \/>\n<meta property=\"og:url\" content=\"https:\/\/www.fonteintjies.co.za\/de\/uber\/\" \/>\n<meta property=\"og:site_name\" content=\"Fonteintjies\" \/>\n<meta property=\"article:publisher\" content=\"https:\/\/facebook.com\/fonteintjies\" \/>\n<meta property=\"article:modified_time\" content=\"2023-10-22T17:15:10+00:00\" \/>\n<meta property=\"og:image\" content=\"https:\/\/www.fonteintjies.co.za\/wp-content\/uploads\/2021\/11\/image-1280x622.jpeg\" \/>\n\t<meta property=\"og:image:width\" content=\"1280\" \/>\n\t<meta property=\"og:image:height\" content=\"622\" \/>\n\t<meta property=\"og:image:type\" content=\"image\/jpeg\" \/>\n<meta name=\"twitter:card\" content=\"summary_large_image\" \/>\n<meta name=\"twitter:title\" content=\"Fonteintjies self-catering accommodation\" \/>\n<meta name=\"twitter:description\" content=\"Fonteintjies offers self-catering accommodation with fabulous sea views in the Fransmanshoek Conservancy, about 4km from Vleesbaai.\" \/>\n<meta name=\"twitter:label1\" content=\"Gesch\u00e4tzte Lesezeit\" \/>\n\t<meta name=\"twitter:data1\" content=\"2\u00a0Minuten\" \/>\n<script type=\"application\/ld+json\" class=\"yoast-schema-graph\">{\"@context\":\"https:\\\/\\\/schema.org\",\"@graph\":[{\"@type\":[\"WebPage\",\"AboutPage\"],\"@id\":\"https:\\\/\\\/www.fonteintjies.co.za\\\/about\\\/\",\"url\":\"https:\\\/\\\/www.fonteintjies.co.za\\\/about\\\/\",\"name\":\"About Us - Fonteintjies\",\"isPartOf\":{\"@id\":\"https:\\\/\\\/www.fonteintjies.co.za\\\/de\\\/#website\"},\"primaryImageOfPage\":{\"@id\":\"https:\\\/\\\/www.fonteintjies.co.za\\\/about\\\/#primaryimage\"},\"image\":{\"@id\":\"https:\\\/\\\/www.fonteintjies.co.za\\\/about\\\/#primaryimage\"},\"thumbnailUrl\":\"https:\\\/\\\/www.fonteintjies.co.za\\\/wp-content\\\/uploads\\\/2021\\\/11\\\/Fonteintjies-cover-photo.20201210-1043x608.jpg\",\"datePublished\":\"2021-09-25T16:14:11+00:00\",\"dateModified\":\"2023-10-22T17:15:10+00:00\",\"description\":\"Fonteintjies offers self-catering accommodation with fabulous sea views in the Fransmanshoek Conservancy, about 4km from Vleesbaai.\",\"breadcrumb\":{\"@id\":\"https:\\\/\\\/www.fonteintjies.co.za\\\/about\\\/#breadcrumb\"},\"inLanguage\":\"de\",\"potentialAction\":[{\"@type\":\"ReadAction\",\"target\":[\"https:\\\/\\\/www.fonteintjies.co.za\\\/about\\\/\"]}]},{\"@type\":\"ImageObject\",\"inLanguage\":\"de\",\"@id\":\"https:\\\/\\\/www.fonteintjies.co.za\\\/about\\\/#primaryimage\",\"url\":\"https:\\\/\\\/www.fonteintjies.co.za\\\/wp-content\\\/uploads\\\/2021\\\/11\\\/Fonteintjies-cover-photo.20201210-1043x608.jpg\",\"contentUrl\":\"https:\\\/\\\/www.fonteintjies.co.za\\\/wp-content\\\/uploads\\\/2021\\\/11\\\/Fonteintjies-cover-photo.20201210-1043x608.jpg\",\"width\":1043,\"height\":608},{\"@type\":\"BreadcrumbList\",\"@id\":\"https:\\\/\\\/www.fonteintjies.co.za\\\/about\\\/#breadcrumb\",\"itemListElement\":[{\"@type\":\"ListItem\",\"position\":1,\"name\":\"Home\",\"item\":\"https:\\\/\\\/www.fonteintjies.co.za\\\/\"},{\"@type\":\"ListItem\",\"position\":2,\"name\":\"About Us\"}]},{\"@type\":\"WebSite\",\"@id\":\"https:\\\/\\\/www.fonteintjies.co.za\\\/de\\\/#website\",\"url\":\"https:\\\/\\\/www.fonteintjies.co.za\\\/de\\\/\",\"name\":\"Fonteintjies\",\"description\":\"Relax and Enjoy\",\"potentialAction\":[{\"@type\":\"SearchAction\",\"target\":{\"@type\":\"EntryPoint\",\"urlTemplate\":\"https:\\\/\\\/www.fonteintjies.co.za\\\/de\\\/?s={search_term_string}\"},\"query-input\":{\"@type\":\"PropertyValueSpecification\",\"valueRequired\":true,\"valueName\":\"search_term_string\"}}],\"inLanguage\":\"de\"}]}<\/script>\n<!-- \/ Yoast SEO plugin. -->","yoast_head_json":{"title":"\u00dcber uns - Fonteintjies","description":"Fonteintjies bietet Unterk\u00fcnfte zur Selbstverpflegung mit herrlichem Meerblick im Fransmanshoek Conservancy, etwa 4 km von Vleesbaai entfernt.","robots":{"index":"index","follow":"follow","max-snippet":"max-snippet:-1","max-image-preview":"max-image-preview:large","max-video-preview":"max-video-preview:-1"},"canonical":"https:\/\/www.fonteintjies.co.za\/de\/uber\/","og_locale":"de_DE","og_type":"article","og_title":"Fonteintjies self-catering accommodation","og_description":"Fonteintjies offers self-catering accommodation with fabulous sea views in the Fransmanshoek Conservancy, about 4km from Vleesbaai.","og_url":"https:\/\/www.fonteintjies.co.za\/de\/uber\/","og_site_name":"Fonteintjies","article_publisher":"https:\/\/facebook.com\/fonteintjies","article_modified_time":"2023-10-22T17:15:10+00:00","og_image":[{"width":1280,"height":622,"url":"https:\/\/www.fonteintjies.co.za\/wp-content\/uploads\/2021\/11\/image-1280x622.jpeg","type":"image\/jpeg"}],"twitter_card":"summary_large_image","twitter_title":"Fonteintjies self-catering accommodation","twitter_description":"Fonteintjies offers self-catering accommodation with fabulous sea views in the Fransmanshoek Conservancy, about 4km from Vleesbaai.","twitter_misc":{"Gesch\u00e4tzte Lesezeit":"2\u00a0Minuten"},"schema":{"@context":"https:\/\/schema.org","@graph":[{"@type":["WebPage","AboutPage"],"@id":"https:\/\/www.fonteintjies.co.za\/about\/","url":"https:\/\/www.fonteintjies.co.za\/about\/","name":"\u00dcber uns - Fonteintjies","isPartOf":{"@id":"https:\/\/www.fonteintjies.co.za\/de\/#website"},"primaryImageOfPage":{"@id":"https:\/\/www.fonteintjies.co.za\/about\/#primaryimage"},"image":{"@id":"https:\/\/www.fonteintjies.co.za\/about\/#primaryimage"},"thumbnailUrl":"https:\/\/www.fonteintjies.co.za\/wp-content\/uploads\/2021\/11\/Fonteintjies-cover-photo.20201210-1043x608.jpg","datePublished":"2021-09-25T16:14:11+00:00","dateModified":"2023-10-22T17:15:10+00:00","description":"Fonteintjies bietet Unterk\u00fcnfte zur Selbstverpflegung mit herrlichem Meerblick im Fransmanshoek Conservancy, etwa 4 km von Vleesbaai entfernt.","breadcrumb":{"@id":"https:\/\/www.fonteintjies.co.za\/about\/#breadcrumb"},"inLanguage":"de","potentialAction":[{"@type":"ReadAction","target":["https:\/\/www.fonteintjies.co.za\/about\/"]}]},{"@type":"ImageObject","inLanguage":"de","@id":"https:\/\/www.fonteintjies.co.za\/about\/#primaryimage","url":"https:\/\/www.fonteintjies.co.za\/wp-content\/uploads\/2021\/11\/Fonteintjies-cover-photo.20201210-1043x608.jpg","contentUrl":"https:\/\/www.fonteintjies.co.za\/wp-content\/uploads\/2021\/11\/Fonteintjies-cover-photo.20201210-1043x608.jpg","width":1043,"height":608},{"@type":"BreadcrumbList","@id":"https:\/\/www.fonteintjies.co.za\/about\/#breadcrumb","itemListElement":[{"@type":"ListItem","position":1,"name":"Home","item":"https:\/\/www.fonteintjies.co.za\/"},{"@type":"ListItem","position":2,"name":"About Us"}]},{"@type":"WebSite","@id":"https:\/\/www.fonteintjies.co.za\/de\/#website","url":"https:\/\/www.fonteintjies.co.za\/de\/","name":"Fonteintjies","description":"Entspannung und Genuss","potentialAction":[{"@type":"SearchAction","target":{"@type":"EntryPoint","urlTemplate":"https:\/\/www.fonteintjies.co.za\/de\/?s={search_term_string}"},"query-input":{"@type":"PropertyValueSpecification","valueRequired":true,"valueName":"search_term_string"}}],"inLanguage":"de"}]}},"jetpack-related-posts":[{"id":144,"url":"https:\/\/www.fonteintjies.co.za\/de\/galerie\/","url_meta":{"origin":6,"position":0},"title":"Galerie","author":"Fonteintjies","date":"3 Oktober 2021","format":false,"excerpt":"Viel Spa\u00df mit unseren Fotos","rel":"","context":"\u00c4hnlicher Beitrag","block_context":{"text":"\u00c4hnlicher Beitrag","link":""},"img":{"alt_text":"","src":"https:\/\/i0.wp.com\/www.fonteintjies.co.za\/wp-content\/uploads\/2021\/11\/Fonteintjies-cover-photo.20201210-1043x608.jpg?resize=350%2C200&ssl=1","width":350,"height":200,"srcset":"https:\/\/i0.wp.com\/www.fonteintjies.co.za\/wp-content\/uploads\/2021\/11\/Fonteintjies-cover-photo.20201210-1043x608.jpg?resize=350%2C200&ssl=1 1x, https:\/\/i0.wp.com\/www.fonteintjies.co.za\/wp-content\/uploads\/2021\/11\/Fonteintjies-cover-photo.20201210-1043x608.jpg?resize=525%2C300&ssl=1 1.5x, https:\/\/i0.wp.com\/www.fonteintjies.co.za\/wp-content\/uploads\/2021\/11\/Fonteintjies-cover-photo.20201210-1043x608.jpg?resize=700%2C400&ssl=1 2x"},"classes":[]},{"id":5,"url":"https:\/\/www.fonteintjies.co.za\/de\/","url_meta":{"origin":6,"position":1},"title":"Fonteintjies","author":"Fonteintjies","date":"25 September 2021","format":false,"excerpt":"Fotos Hier sind nur einige unserer Fotos. Mehr gibt es auf der Galerieseite.","rel":"","context":"\u00c4hnlicher Beitrag","block_context":{"text":"\u00c4hnlicher Beitrag","link":""},"img":{"alt_text":"","src":"https:\/\/i0.wp.com\/www.fonteintjies.co.za\/wp-content\/uploads\/2021\/11\/Fonteintjies-cover-photo.20201210-1043x608.jpg?resize=350%2C200&ssl=1","width":350,"height":200,"srcset":"https:\/\/i0.wp.com\/www.fonteintjies.co.za\/wp-content\/uploads\/2021\/11\/Fonteintjies-cover-photo.20201210-1043x608.jpg?resize=350%2C200&ssl=1 1x, https:\/\/i0.wp.com\/www.fonteintjies.co.za\/wp-content\/uploads\/2021\/11\/Fonteintjies-cover-photo.20201210-1043x608.jpg?resize=525%2C300&ssl=1 1.5x, https:\/\/i0.wp.com\/www.fonteintjies.co.za\/wp-content\/uploads\/2021\/11\/Fonteintjies-cover-photo.20201210-1043x608.jpg?resize=700%2C400&ssl=1 2x"},"classes":[]},{"id":7,"url":"https:\/\/www.fonteintjies.co.za\/de\/kontakt\/","url_meta":{"origin":6,"position":2},"title":"Kontaktiere uns","author":"Fonteintjies","date":"25 September 2021","format":false,"excerpt":"Soziale Medien Facebook: fonteintjiesInstagram: fonteintjies Karte und Koordinaten Breitengrad\/L\u00e4ngengrad -34.3028,21.9323 (klicken Sie, um eine Navigations-App auf Ihrem Telefon zu \u00f6ffnen) Finden Sie uns auf Google Maps Finden Sie uns auf OpenStreetmap","rel":"","context":"\u00c4hnlicher Beitrag","block_context":{"text":"\u00c4hnlicher Beitrag","link":""},"img":{"alt_text":"","src":"https:\/\/i0.wp.com\/www.fonteintjies.co.za\/wp-content\/uploads\/2021\/11\/Fonteintjies-cover-photo.20201210-1043x608.jpg?resize=350%2C200&ssl=1","width":350,"height":200,"srcset":"https:\/\/i0.wp.com\/www.fonteintjies.co.za\/wp-content\/uploads\/2021\/11\/Fonteintjies-cover-photo.20201210-1043x608.jpg?resize=350%2C200&ssl=1 1x, https:\/\/i0.wp.com\/www.fonteintjies.co.za\/wp-content\/uploads\/2021\/11\/Fonteintjies-cover-photo.20201210-1043x608.jpg?resize=525%2C300&ssl=1 1.5x, https:\/\/i0.wp.com\/www.fonteintjies.co.za\/wp-content\/uploads\/2021\/11\/Fonteintjies-cover-photo.20201210-1043x608.jpg?resize=700%2C400&ssl=1 2x"},"classes":[]}],"jetpack_sharing_enabled":true,"_links":{"self":[{"href":"https:\/\/www.fonteintjies.co.za\/de\/wp-json\/wp\/v2\/pages\/6","targetHints":{"allow":["GET"]}}],"collection":[{"href":"https:\/\/www.fonteintjies.co.za\/de\/wp-json\/wp\/v2\/pages"}],"about":[{"href":"https:\/\/www.fonteintjies.co.za\/de\/wp-json\/wp\/v2\/types\/page"}],"author":[{"embeddable":true,"href":"https:\/\/www.fonteintjies.co.za\/de\/wp-json\/wp\/v2\/users\/4"}],"replies":[{"embeddable":true,"href":"https:\/\/www.fonteintjies.co.za\/de\/wp-json\/wp\/v2\/comments?post=6"}],"version-history":[{"count":0,"href":"https:\/\/www.fonteintjies.co.za\/de\/wp-json\/wp\/v2\/pages\/6\/revisions"}],"wp:featuredmedia":[{"embeddable":true,"href":"https:\/\/www.fonteintjies.co.za\/de\/wp-json\/wp\/v2\/media\/324"}],"wp:attachment":[{"href":"https:\/\/www.fonteintjies.co.za\/de\/wp-json\/wp\/v2\/media?parent=6"}],"curies":[{"name":"wp","href":"https:\/\/api.w.org\/{rel}","templated":true}]}}